{"id":55,"date":"2021-08-02T19:31:25","date_gmt":"2021-08-02T19:31:25","guid":{"rendered":"http:\/\/www.gruporomafyl.com\/?page_id=55"},"modified":"2021-08-02T21:56:24","modified_gmt":"2021-08-02T21:56:24","slug":"contactenos","status":"publish","type":"page","link":"https:\/\/www.gruporomafyl.com\/?page_id=55","title":{"rendered":"CONTACTENOS"},"content":{"rendered":"\n<hr class=\"wp-block-separator\"\/>\n\n\n\n<h5><strong><em>Comun\u00edcate con nosotros<\/em><\/strong>:<\/h5>\n\n\n\n<p><em>Tel\u00e9fono: 016829618 E-mail: informes@gruporomafyl.com Web: www.gruporomafyl.com<\/em><\/p>\n\n\n<p>[contact-form-7 id=\u00bb9&#8243; title=\u00bbContacto\u00bb]<\/p>\n\n\n\n<hr class=\"wp-block-separator\"\/>\n\n\n\n<div class=\"wp-block-image\"><figure class=\"aligncenter size-full is-resized\"><img loading=\"lazy\" src=\"http:\/\/www.gruporomafyl.com\/wp-content\/uploads\/2020\/04\/icon.ico\" alt=\"\" class=\"wp-image-4\" width=\"130\" height=\"99\"\/><\/figure><\/div>\n\n\n\n<h6 class=\"has-text-align-center\"><em>GRUPO ROMAFYL SAC. EST\u00c1 UBICADO EN CALLE LOS JAZMINES Nro. 210 INT. 3er P. URB. JARDINES VIRU (AV. FAUCETT CON AV. VENEZUELA) PROV. CONST. DEL CALLAO &#8211; PROV. CONST. DEL CALLAO &#8211; BELLAVISTA<\/em><\/h6>\n\n\n\n<p><\/p>\n","protected":false},"excerpt":{"rendered":"<p>Comun\u00edcate con nosotros: Tel\u00e9fono: 016829618 E-mail: informes@gruporomafyl.com Web: www.gruporomafyl.com GRUPO ROMAFYL SAC. EST\u00c1 UBICADO EN CALLE LOS JAZMINES Nro. 210 INT. 3er P. URB. JARDINES VIRU (AV. FAUCETT CON AV. VENEZUELA) PROV. CONST. DEL CALLAO &#8211; PROV. CONST. DEL CALLAO &#8211; BELLAVISTA<\/p>\n","protected":false},"author":1,"featured_media":0,"parent":0,"menu_order":0,"comment_status":"closed","ping_status":"closed","template":"","meta":[],"_links":{"self":[{"href":"https:\/\/www.gruporomafyl.com\/index.php?rest_route=\/wp\/v2\/pages\/55"}],"collection":[{"href":"https:\/\/www.gruporomafyl.com\/index.php?rest_route=\/wp\/v2\/pages"}],"about":[{"href":"https:\/\/www.gruporomafyl.com\/index.php?rest_route=\/wp\/v2\/types\/page"}],"author":[{"embeddable":true,"href":"https:\/\/www.gruporomafyl.com\/index.php?rest_route=\/wp\/v2\/users\/1"}],"replies":[{"embeddable":true,"href":"https:\/\/www.gruporomafyl.com\/index.php?rest_route=%2Fwp%2Fv2%2Fcomments&post=55"}],"version-history":[{"count":13,"href":"https:\/\/www.gruporomafyl.com\/index.php?rest_route=\/wp\/v2\/pages\/55\/revisions"}],"predecessor-version":[{"id":100,"href":"https:\/\/www.gruporomafyl.com\/index.php?rest_route=\/wp\/v2\/pages\/55\/revisions\/100"}],"wp:attachment":[{"href":"https:\/\/www.gruporomafyl.com\/index.php?rest_route=%2Fwp%2Fv2%2Fmedia&parent=55"}],"curies":[{"name":"wp","href":"https:\/\/api.w.org\/{rel}","templated":true}]}}