{"id":50,"date":"2021-08-02T19:30:12","date_gmt":"2021-08-02T19:30:12","guid":{"rendered":"http:\/\/www.gruporomafyl.com\/?page_id=50"},"modified":"2021-08-02T19:30:12","modified_gmt":"2021-08-02T19:30:12","slug":"nuestro-compromiso","status":"publish","type":"page","link":"https:\/\/www.gruporomafyl.com\/?page_id=50","title":{"rendered":"NUESTRO COMPROMISO"},"content":{"rendered":"\n<h5>RESPONSABILIDAD SOCIAL CORPORATIVA<\/h5>\n\n\n\n<p>Es el compromiso de nuestro grupo para actuar \u00e9ticamente y contribuir al desarrollo econ\u00f3mico, respetando el medioambiente, mejorando la calidad de vida de sus empleados y familias, as\u00ed como de las comunidades de su entorno y la sociedad en su conjunto. <\/p>\n\n\n\n<p>Para GRUPO ROMAFYL, la Responsabilidad Social Corporativa est\u00e1 alineada con la estrategia de la organizaci\u00f3n y forma parte de ella. Por eso, es necesario desarrollar la estrategia de RSC de manera sistem\u00e1tica y coherente con la misi\u00f3n de la compa\u00f1\u00eda, de modo que est\u00e9 plenamente integrada en el n\u00facleo de decisi\u00f3n de la empresa, en su estrategia global, en sus procesos de gesti\u00f3n y en sus actividades.<\/p>\n\n\n\n<p>Los principales grupos de inter\u00e9s de GRUPO ROMAFYL son:<\/p>\n\n\n\n<hr class=\"wp-block-separator\"\/>\n\n\n\n<div class=\"wp-block-columns\">\n<div class=\"wp-block-column\">\n<h6 class=\"has-text-align-center\">EMPLEADOS<\/h6>\n\n\n\n<figure class=\"wp-block-image size-full\"><img loading=\"lazy\" width=\"250\" height=\"250\" src=\"http:\/\/www.gruporomafyl.com\/wp-content\/uploads\/2021\/08\/EMPLEADOS.jpg\" alt=\"\" class=\"wp-image-52\" srcset=\"https:\/\/www.gruporomafyl.com\/wp-content\/uploads\/2021\/08\/EMPLEADOS.jpg 250w, https:\/\/www.gruporomafyl.com\/wp-content\/uploads\/2021\/08\/EMPLEADOS-150x150.jpg 150w\" sizes=\"(max-width: 250px) 100vw, 250px\" \/><\/figure>\n<\/div>\n\n\n\n<div class=\"wp-block-column\">\n<h6 class=\"has-text-align-center\">CLIENTES<\/h6>\n\n\n\n<figure class=\"wp-block-image size-full\"><img loading=\"lazy\" width=\"250\" height=\"250\" src=\"http:\/\/www.gruporomafyl.com\/wp-content\/uploads\/2021\/08\/CLIENTES_1.jpg\" alt=\"\" class=\"wp-image-51\" srcset=\"https:\/\/www.gruporomafyl.com\/wp-content\/uploads\/2021\/08\/CLIENTES_1.jpg 250w, https:\/\/www.gruporomafyl.com\/wp-content\/uploads\/2021\/08\/CLIENTES_1-150x150.jpg 150w\" sizes=\"(max-width: 250px) 100vw, 250px\" \/><\/figure>\n<\/div>\n\n\n\n<div class=\"wp-block-column\">\n<h6 class=\"has-text-align-center\">PROVEEDORES<\/h6>\n\n\n\n<figure class=\"wp-block-image size-full\"><img loading=\"lazy\" width=\"250\" height=\"250\" src=\"http:\/\/www.gruporomafyl.com\/wp-content\/uploads\/2021\/08\/PROVEEDOR.jpg\" alt=\"\" class=\"wp-image-53\" srcset=\"https:\/\/www.gruporomafyl.com\/wp-content\/uploads\/2021\/08\/PROVEEDOR.jpg 250w, https:\/\/www.gruporomafyl.com\/wp-content\/uploads\/2021\/08\/PROVEEDOR-150x150.jpg 150w\" sizes=\"(max-width: 250px) 100vw, 250px\" \/><\/figure>\n<\/div>\n<\/div>\n\n\n\n<h5>SEGURIDAD Y MEDIO AMBIENTE<\/h5>\n\n\n\n<p>GRUPO ROMAFYL asume el compromiso de asegurar la m\u00e1xima calidad y confiabilidad de sus actividades, preservando el medio ambiente en lugares donde se realizan las operaciones. La seguridad de nuestro equipo de trabajo forma parte integral de todos nuestros proyectos y actividades, esta normativa es asumida plenamente por la Gerencia General asegurando su difusi\u00f3n, comprensi\u00f3n y cumplimiento de todo el personal.<\/p>\n\n\n\n<p><\/p>\n","protected":false},"excerpt":{"rendered":"<p>RESPONSABILIDAD SOCIAL CORPORATIVA Es el compromiso de nuestro grupo para actuar \u00e9ticamente y contribuir al desarrollo econ\u00f3mico, respetando el medioambiente, mejorando la calidad de vida de sus empleados y familias, as\u00ed como de las comunidades de su entorno y la sociedad en su conjunto. Para GRUPO ROMAFYL, la Responsabilidad Social Corporativa est\u00e1 alineada con la [&hellip;]<\/p>\n","protected":false},"author":1,"featured_media":0,"parent":0,"menu_order":0,"comment_status":"closed","ping_status":"closed","template":"","meta":[],"_links":{"self":[{"href":"https:\/\/www.gruporomafyl.com\/index.php?rest_route=\/wp\/v2\/pages\/50"}],"collection":[{"href":"https:\/\/www.gruporomafyl.com\/index.php?rest_route=\/wp\/v2\/pages"}],"about":[{"href":"https:\/\/www.gruporomafyl.com\/index.php?rest_route=\/wp\/v2\/types\/page"}],"author":[{"embeddable":true,"href":"https:\/\/www.gruporomafyl.com\/index.php?rest_route=\/wp\/v2\/users\/1"}],"replies":[{"embeddable":true,"href":"https:\/\/www.gruporomafyl.com\/index.php?rest_route=%2Fwp%2Fv2%2Fcomments&post=50"}],"version-history":[{"count":1,"href":"https:\/\/www.gruporomafyl.com\/index.php?rest_route=\/wp\/v2\/pages\/50\/revisions"}],"predecessor-version":[{"id":54,"href":"https:\/\/www.gruporomafyl.com\/index.php?rest_route=\/wp\/v2\/pages\/50\/revisions\/54"}],"wp:attachment":[{"href":"https:\/\/www.gruporomafyl.com\/index.php?rest_route=%2Fwp%2Fv2%2Fmedia&parent=50"}],"curies":[{"name":"wp","href":"https:\/\/api.w.org\/{rel}","templated":true}]}}