{"id":40,"date":"2021-08-02T18:58:52","date_gmt":"2021-08-02T18:58:52","guid":{"rendered":"http:\/\/www.gruporomafyl.com\/?page_id=40"},"modified":"2021-08-02T19:16:09","modified_gmt":"2021-08-02T19:16:09","slug":"nuestros-clientes","status":"publish","type":"page","link":"https:\/\/www.gruporomafyl.com\/?page_id=40","title":{"rendered":"NUESTROS CLIENTES"},"content":{"rendered":"\n<hr class=\"wp-block-separator\"\/>\n\n\n\n<h5 class=\"has-text-align-left\">PRINCIPALES CLIENTES<\/h5>\n\n\n\n<figure class=\"wp-block-table is-style-regular\"><table class=\"has-fixed-layout\"><tbody><tr><td>BACKUS Y JONHSTON S.A.A.<\/td><\/tr><tr><td>ESTACION DE COMBUSTIBLE HUARAZ ICA<\/td><\/tr><tr><td>SERVICENTRO AGUKI S.A.<\/td><\/tr><tr><td>ABANTIA PERU S.A.C.<\/td><\/tr><tr><td>CORPORACION SOLAR DEL MARQUEZ S.A.<\/td><\/tr><tr><td>FIDEOS EL TRIUNFO S.A.<\/td><\/tr><tr><td>COCCIMIN S.R.L. (CONSTRUCTORA)<\/td><\/tr><tr><td>ENVASES Y ENVOLTURAS S.A.<\/td><\/tr><tr><td>NEGOCIACION KIO S.A.C.<\/td><\/tr><tr><td>ESTACION DE SERVICIOS GRIFO DENVER S.R.L<\/td><\/tr><tr><td>HIGAS S.A.C.<\/td><\/tr><tr><td>ESTACION DE SERVICIOS M&amp;M S.A.C<\/td><\/tr><tr><td>LADRILLERA SAN LORENZO S.A.C.<\/td><\/tr><tr><td>LIMAGAS NATURAL PERU S.A.<\/td><\/tr><tr><td>PROCESADORA DE GAS PARI\u00d1AS S.A.C.<\/td><\/tr><\/tbody><\/table><\/figure>\n\n\n\n<h5>LINEAS DE NEGOCIO<\/h5>\n\n\n\n<ul><li>Ingenier\u00eda, proyectos y ejecuci\u00f3n de proyectos de gas natural GNV, gas natural comprimido GNC , GNL, GLP, combustibles l\u00edquidos , Biog\u00e1s e Instalaciones Industriales.<\/li><li>Elaboraci\u00f3n de proyectos y Seguimiento de los Expedientes a las Entidades Reguladoras hasta su culminaci\u00f3n\/aprobaci\u00f3n (PIG-I, PIG-II, SFS, ITF, IMA, DIA, Plan de Abandono, Registro de Hidrocarburos).<\/li><li>Establecimientos de venta al p\u00fablico GNV.<\/li><li>Estaciones de Trasvase GNC.<\/li><li>Estaciones de descompresi\u00f3n de GNV estaciones virtuales .<\/li><li>Proyectos e Ingenier\u00eda y Construcci\u00f3n en Gas Natural para Consumidor Directo.<\/li><li>Proyectos de Ingenier\u00eda y Construcci\u00f3n para Estaciones de Servicio y Gasocentros GLP.<\/li><li>Proyecto e instalaci\u00f3n de sistema contra incendio, l\u00edneas de vapor y proceso, sistema de refrigeraci\u00f3n.<\/li><li>Ingenier\u00eda, edificaci\u00f3n y saneamiento.<\/li><li>Fabricaci\u00f3n y construcci\u00f3n.<\/li><li>Servicio de Mantenimiento Electromec\u00e1nico y montajes industriales.<\/li><li>Mantenimiento Preventivo y Correctivo de Estaciones de  Servicios con Gasocentro, industriales, mantenimiento semestral, anual, quinquenal y decenal.<\/li><li>Ejecuci\u00f3n de proyectos llave en mano.<\/li><\/ul>\n","protected":false},"excerpt":{"rendered":"<p>PRINCIPALES CLIENTES BACKUS Y JONHSTON S.A.A. ESTACION DE COMBUSTIBLE HUARAZ ICA SERVICENTRO AGUKI S.A. ABANTIA PERU S.A.C. CORPORACION SOLAR DEL MARQUEZ S.A. FIDEOS EL TRIUNFO S.A. COCCIMIN S.R.L. (CONSTRUCTORA) ENVASES Y ENVOLTURAS S.A. NEGOCIACION KIO S.A.C. ESTACION DE SERVICIOS GRIFO DENVER S.R.L HIGAS S.A.C. ESTACION DE SERVICIOS M&amp;M S.A.C LADRILLERA SAN LORENZO S.A.C. LIMAGAS NATURAL [&hellip;]<\/p>\n","protected":false},"author":1,"featured_media":0,"parent":0,"menu_order":0,"comment_status":"closed","ping_status":"closed","template":"","meta":[],"_links":{"self":[{"href":"https:\/\/www.gruporomafyl.com\/index.php?rest_route=\/wp\/v2\/pages\/40"}],"collection":[{"href":"https:\/\/www.gruporomafyl.com\/index.php?rest_route=\/wp\/v2\/pages"}],"about":[{"href":"https:\/\/www.gruporomafyl.com\/index.php?rest_route=\/wp\/v2\/types\/page"}],"author":[{"embeddable":true,"href":"https:\/\/www.gruporomafyl.com\/index.php?rest_route=\/wp\/v2\/users\/1"}],"replies":[{"embeddable":true,"href":"https:\/\/www.gruporomafyl.com\/index.php?rest_route=%2Fwp%2Fv2%2Fcomments&post=40"}],"version-history":[{"count":8,"href":"https:\/\/www.gruporomafyl.com\/index.php?rest_route=\/wp\/v2\/pages\/40\/revisions"}],"predecessor-version":[{"id":49,"href":"https:\/\/www.gruporomafyl.com\/index.php?rest_route=\/wp\/v2\/pages\/40\/revisions\/49"}],"wp:attachment":[{"href":"https:\/\/www.gruporomafyl.com\/index.php?rest_route=%2Fwp%2Fv2%2Fmedia&parent=40"}],"curies":[{"name":"wp","href":"https:\/\/api.w.org\/{rel}","templated":true}]}}