{"id":11,"date":"2021-08-02T17:59:27","date_gmt":"2021-08-02T17:59:27","guid":{"rendered":"http:\/\/www.gruporomafyl.com\/?page_id=11"},"modified":"2021-08-25T22:36:14","modified_gmt":"2021-08-25T22:36:14","slug":"nuestra-empresa","status":"publish","type":"page","link":"https:\/\/www.gruporomafyl.com\/?page_id=11","title":{"rendered":"NUESTRA EMPRESA"},"content":{"rendered":"\n<h5>GRUPO ROMAFYL S.A.C<\/h5>\n\n\n\n<p>Una empresa dedicada al desarrollo de actividades de ingenier\u00eda, proyectos y construcci\u00f3n para instalaciones en GN,    GLP y LIQUIDOS , teniendo como base una organizaci\u00f3n eficiente y eficaz con planes estrat\u00e9gicos comprometidos con la m\u00e1xima calidad y rentabilidad de nuestros servicios. Mejorando de forma continua los est\u00e1ndares de calidad, seguridad y fiabilidad. Contamos con 11 a\u00f1os de experiencia, con profesionales y un soporte t\u00e9cnico calificado. La vigencia de nuestras certificaciones y homologaciones que exige OSINERGMIN y las concesionarias de acuerdo a las normas actualizadas.<\/p>\n\n\n\n<h5>MISION<\/h5>\n\n\n\n<p>Satisfacer las necesidades de nuestros clientes, ofreciendo una cartera amplia de productos y servicios diversificados.<\/p>\n\n\n\n<h5>VISION<\/h5>\n\n\n\n<p>Somos un equipo de trabajo con la clara visi\u00f3n de ser referentes y l\u00edderes a nivel nacional e internacional en el desarrollo y gesti\u00f3n en ingenier\u00eda, proyectos y construcci\u00f3n.<\/p>\n\n\n\n<h5>POLITICA<\/h5>\n\n\n\n<p>Proporcionar servicios especializados de alta calidad y competitividad. Promover condiciones y actividades adecuadas de seguridad y salud ocupacional, para el bienestar del trabajador. Mejorar continuamente los procesos del Sistema Integrado de Gesti\u00f3n que se aplique en GRUPO ROMAFYL. Nuestros trabajos se encuentran respaldados con el cumplimiento de las especificaciones t\u00e9cnicas del Cliente y los propios de la organizaci\u00f3n; adem\u00e1s trabajamos enmarcados en los est\u00e1ndares Internacionales y las normas t\u00e9cnicas peruanas.<\/p>\n\n\n\n<h5>FILOSOFIA<\/h5>\n\n\n\n<p>Nuestra empresa es un proyecto humano que transcurre hacia el futuro. Es una historia de peque\u00f1os y grandes desaf\u00edos, que desde nuestro inicio se encuentra en continua evoluci\u00f3n y va ganando capacidad de transformaci\u00f3n y responsabilidad en las actividades productivas de la sociedad. Nuestro grupo humano vive y act\u00faa con los compromisos presentes y proyectos futuros. Orientaci\u00f3n de la actuaci\u00f3n a la creaci\u00f3n de valor para nuestros clientes, respondiendo r\u00e1pidamente a sus solicitudes, desarrollando proyectos y servicios de calidad, prest\u00e1ndoles la asistencia t\u00e9cnica precisa y cumpliendo los plazos acordados. Trabajo en equipo, potenciando el desarrollo de las competencias personales y la comunicaci\u00f3n interna. Cultura empresarial de calidad, protecci\u00f3n del medio ambiente, prevenci\u00f3n de riesgos, profesionalidad, conducta \u00e9tica y respeto a las personas. Relaciones de confianza y colaboraci\u00f3n con proveedores. Participaci\u00f3n y cooperaci\u00f3n con las comunidades donde desarrollamos nuestras actividades.<\/p>\n\n\n\n<h5>VALORES<\/h5>\n\n\n\n<ol><li>Transparencia<\/li><li>Seguridad<\/li><li>Integridad<\/li><li>Eficiencia<\/li><li>Innovaci\u00f3n<\/li><li>Sostenibilidad<\/li><li>Trabajo en equipo<\/li><\/ol>\n","protected":false},"excerpt":{"rendered":"<p>GRUPO ROMAFYL S.A.C Una empresa dedicada al desarrollo de actividades de ingenier\u00eda, proyectos y construcci\u00f3n para instalaciones en GN, GLP y LIQUIDOS , teniendo como base una organizaci\u00f3n eficiente y eficaz con planes estrat\u00e9gicos comprometidos con la m\u00e1xima calidad y rentabilidad de nuestros servicios. Mejorando de forma continua los est\u00e1ndares de calidad, seguridad y fiabilidad. [&hellip;]<\/p>\n","protected":false},"author":1,"featured_media":127,"parent":0,"menu_order":0,"comment_status":"closed","ping_status":"closed","template":"","meta":[],"_links":{"self":[{"href":"https:\/\/www.gruporomafyl.com\/index.php?rest_route=\/wp\/v2\/pages\/11"}],"collection":[{"href":"https:\/\/www.gruporomafyl.com\/index.php?rest_route=\/wp\/v2\/pages"}],"about":[{"href":"https:\/\/www.gruporomafyl.com\/index.php?rest_route=\/wp\/v2\/types\/page"}],"author":[{"embeddable":true,"href":"https:\/\/www.gruporomafyl.com\/index.php?rest_route=\/wp\/v2\/users\/1"}],"replies":[{"embeddable":true,"href":"https:\/\/www.gruporomafyl.com\/index.php?rest_route=%2Fwp%2Fv2%2Fcomments&post=11"}],"version-history":[{"count":5,"href":"https:\/\/www.gruporomafyl.com\/index.php?rest_route=\/wp\/v2\/pages\/11\/revisions"}],"predecessor-version":[{"id":19,"href":"https:\/\/www.gruporomafyl.com\/index.php?rest_route=\/wp\/v2\/pages\/11\/revisions\/19"}],"wp:featuredmedia":[{"embeddable":true,"href":"https:\/\/www.gruporomafyl.com\/index.php?rest_route=\/wp\/v2\/media\/127"}],"wp:attachment":[{"href":"https:\/\/www.gruporomafyl.com\/index.php?rest_route=%2Fwp%2Fv2%2Fmedia&parent=11"}],"curies":[{"name":"wp","href":"https:\/\/api.w.org\/{rel}","templated":true}]}}